{"id":152,"date":"2023-03-13T11:13:44","date_gmt":"2023-03-13T10:13:44","guid":{"rendered":"https:\/\/posekitethanol.com\/?page_id=152"},"modified":"2024-04-28T18:00:17","modified_gmt":"2024-04-28T16:00:17","slug":"contact","status":"publish","type":"page","link":"https:\/\/posekitethanol.com\/index.php\/contact\/","title":{"rendered":"Contact"},"content":{"rendered":"\n<p>Pour toute question vous pouvez nous contacter par t\u00e9l\u00e9phone, par email ou en remplissant le formulaire.<br>N&rsquo;h\u00e9sitez pas \u00e0 privil\u00e9gier le t\u00e9l\u00e9phone qui est la m\u00e9thode o\u00f9 nous sommes le plus r\u00e9actif. En cas de non r\u00e9ponse, laissez nous un message vocal et nous vous rappellerons dans les plus brefs d\u00e9lais<\/p>\n\n\n\n<p>E-mail<br>contact@posekitethanol.com<\/p>\n\n\n\n<p>Standard de 9h \u00e0 20h du lundi au samedi<br>06 01 79 59 29<\/p>\n\n\n<div class=\"wpforms-container wpforms-container-full wpforms-block wpforms-block-f8ade4c6-dcac-45b2-8218-e7f3d3d8eb73\" id=\"wpforms-181\"><form id=\"wpforms-form-181\" class=\"wpforms-validate wpforms-form wpforms-ajax-form\" data-formid=\"181\" method=\"post\" enctype=\"multipart\/form-data\" action=\"\/index.php\/wp-json\/wp\/v2\/pages\/152\" data-token=\"ad79c1dc9c7668845e6b0c2065063309\" data-token-time=\"1776080275\"><noscript class=\"wpforms-error-noscript\">Veuillez activer JavaScript dans votre navigateur pour remplir ce formulaire.<\/noscript><div class=\"wpforms-field-container\"><div id=\"wpforms-181-field_1-container\" class=\"wpforms-field wpforms-field-email\" data-field-id=\"1\"><label class=\"wpforms-field-label\" for=\"wpforms-181-field_1\">E-mail <span class=\"wpforms-required-label\">*<\/span><\/label><input type=\"email\" id=\"wpforms-181-field_1\" class=\"wpforms-field-medium wpforms-field-required\" name=\"wpforms[fields][1]\" spellcheck=\"false\" required><\/div><div id=\"wpforms-181-field_0-container\" class=\"wpforms-field wpforms-field-name\" data-field-id=\"0\"><label class=\"wpforms-field-label\" for=\"wpforms-181-field_0\">Nom <span class=\"wpforms-required-label\">*<\/span><\/label><input type=\"text\" id=\"wpforms-181-field_0\" class=\"wpforms-field-medium wpforms-field-required\" name=\"wpforms[fields][0]\" required><\/div><div id=\"wpforms-181-field_2-container\" class=\"wpforms-field wpforms-field-textarea\" data-field-id=\"2\"><label class=\"wpforms-field-label\" for=\"wpforms-181-field_2\">Commentaire ou message<\/label><textarea id=\"wpforms-181-field_2\" class=\"wpforms-field-medium\" name=\"wpforms[fields][2]\" ><\/textarea><\/div><\/div><!-- .wpforms-field-container --><div class=\"wpforms-recaptcha-container wpforms-is-recaptcha wpforms-is-recaptcha-type-v2\" ><div class=\"g-recaptcha\" data-sitekey=\"6LdI8ckpAAAAANBrSZvksd4GFXSG3G9dqX1Z7BAR\"><\/div><input type=\"text\" name=\"g-recaptcha-hidden\" class=\"wpforms-recaptcha-hidden\" style=\"position:absolute!important;clip:rect(0,0,0,0)!important;height:1px!important;width:1px!important;border:0!important;overflow:hidden!important;padding:0!important;margin:0!important;\" data-rule-recaptcha=\"1\"><\/div><div class=\"wpforms-submit-container\" ><input type=\"hidden\" name=\"wpforms[id]\" value=\"181\"><input type=\"hidden\" name=\"page_title\" value=\"\"><input type=\"hidden\" name=\"page_url\" value=\"https:\/\/posekitethanol.com\/index.php\/wp-json\/wp\/v2\/pages\/152\"><input type=\"hidden\" name=\"url_referer\" value=\"\"><button type=\"submit\" name=\"wpforms[submit]\" id=\"wpforms-submit-181\" class=\"wpforms-submit\" data-alt-text=\"Envoi...\" data-submit-text=\"Envoyer\" aria-live=\"assertive\" value=\"wpforms-submit\">Envoyer<\/button><img loading=\"lazy\" decoding=\"async\" src=\"https:\/\/posekitethanol.com\/wp-content\/plugins\/wpforms-lite\/assets\/images\/submit-spin.svg\" class=\"wpforms-submit-spinner\" style=\"display: none;\" width=\"26\" height=\"26\" alt=\"Chargement en cours\"><\/div><\/form><\/div>  <!-- .wpforms-container -->","protected":false},"excerpt":{"rendered":"<p>Pour toute question vous pouvez nous contacter par t\u00e9l\u00e9phone, par email ou en remplissant le formulaire.N&rsquo;h\u00e9sitez pas \u00e0 privil\u00e9gier le t\u00e9l\u00e9phone qui est la m\u00e9thode o\u00f9 nous sommes le plus r\u00e9actif. En cas de non r\u00e9ponse, laissez nous un message vocal et nous vous rappellerons dans les plus brefs d\u00e9lais E-mailcontact@posekitethanol.com Standard de 9h \u00e0 [&hellip;]<\/p>\n","protected":false},"author":1,"featured_media":0,"parent":0,"menu_order":0,"comment_status":"closed","ping_status":"closed","template":"","meta":{"iawp_total_views":413,"footnotes":""},"class_list":["post-152","page","type-page","status-publish","hentry"],"yoast_head":"<!-- This site is optimized with the Yoast SEO plugin v27.2 - https:\/\/yoast.com\/product\/yoast-seo-wordpress\/ -->\n<title>Contact - PoseKitEthanol.com<\/title>\n<meta name=\"robots\" content=\"index, follow, max-snippet:-1, max-image-preview:large, max-video-preview:-1\" \/>\n<link rel=\"canonical\" href=\"https:\/\/posekitethanol.com\/index.php\/contact\/\" \/>\n<meta property=\"og:locale\" content=\"fr_FR\" \/>\n<meta property=\"og:type\" content=\"article\" \/>\n<meta property=\"og:title\" content=\"Contact - PoseKitEthanol.com\" \/>\n<meta property=\"og:description\" content=\"Pour toute question vous pouvez nous contacter par t\u00e9l\u00e9phone, par email ou en remplissant le formulaire.N&rsquo;h\u00e9sitez pas \u00e0 privil\u00e9gier le t\u00e9l\u00e9phone qui est la m\u00e9thode o\u00f9 nous sommes le plus r\u00e9actif. En cas de non r\u00e9ponse, laissez nous un message vocal et nous vous rappellerons dans les plus brefs d\u00e9lais E-mailcontact@posekitethanol.com Standard de 9h \u00e0 [&hellip;]\" \/>\n<meta property=\"og:url\" content=\"https:\/\/posekitethanol.com\/index.php\/contact\/\" \/>\n<meta property=\"og:site_name\" content=\"PoseKitEthanol.com\" \/>\n<meta property=\"article:modified_time\" content=\"2024-04-28T16:00:17+00:00\" \/>\n<meta name=\"twitter:card\" content=\"summary_large_image\" \/>\n<meta name=\"twitter:label1\" content=\"Dur\u00e9e de lecture estim\u00e9e\" \/>\n\t<meta name=\"twitter:data1\" content=\"1 minute\" \/>\n<script type=\"application\/ld+json\" class=\"yoast-schema-graph\">{\"@context\":\"https:\/\/schema.org\",\"@graph\":[{\"@type\":\"WebPage\",\"@id\":\"https:\/\/posekitethanol.com\/index.php\/contact\/\",\"url\":\"https:\/\/posekitethanol.com\/index.php\/contact\/\",\"name\":\"Contact - PoseKitEthanol.com\",\"isPartOf\":{\"@id\":\"https:\/\/posekitethanol.com\/#website\"},\"datePublished\":\"2023-03-13T10:13:44+00:00\",\"dateModified\":\"2024-04-28T16:00:17+00:00\",\"breadcrumb\":{\"@id\":\"https:\/\/posekitethanol.com\/index.php\/contact\/#breadcrumb\"},\"inLanguage\":\"fr-FR\",\"potentialAction\":[{\"@type\":\"ReadAction\",\"target\":[\"https:\/\/posekitethanol.com\/index.php\/contact\/\"]}]},{\"@type\":\"BreadcrumbList\",\"@id\":\"https:\/\/posekitethanol.com\/index.php\/contact\/#breadcrumb\",\"itemListElement\":[{\"@type\":\"ListItem\",\"position\":1,\"name\":\"Home\",\"item\":\"https:\/\/posekitethanol.com\/\"},{\"@type\":\"ListItem\",\"position\":2,\"name\":\"Contact\"}]},{\"@type\":\"WebSite\",\"@id\":\"https:\/\/posekitethanol.com\/#website\",\"url\":\"https:\/\/posekitethanol.com\/\",\"name\":\"PoseKitEthanol.com\",\"description\":\"Gagner 0,75\u20ac par litre de carburant, \u00e7a vous dit ?\",\"potentialAction\":[{\"@type\":\"SearchAction\",\"target\":{\"@type\":\"EntryPoint\",\"urlTemplate\":\"https:\/\/posekitethanol.com\/?s={search_term_string}\"},\"query-input\":{\"@type\":\"PropertyValueSpecification\",\"valueRequired\":true,\"valueName\":\"search_term_string\"}}],\"inLanguage\":\"fr-FR\"}]}<\/script>\n<!-- \/ Yoast SEO plugin. -->","yoast_head_json":{"title":"Contact - PoseKitEthanol.com","robots":{"index":"index","follow":"follow","max-snippet":"max-snippet:-1","max-image-preview":"max-image-preview:large","max-video-preview":"max-video-preview:-1"},"canonical":"https:\/\/posekitethanol.com\/index.php\/contact\/","og_locale":"fr_FR","og_type":"article","og_title":"Contact - PoseKitEthanol.com","og_description":"Pour toute question vous pouvez nous contacter par t\u00e9l\u00e9phone, par email ou en remplissant le formulaire.N&rsquo;h\u00e9sitez pas \u00e0 privil\u00e9gier le t\u00e9l\u00e9phone qui est la m\u00e9thode o\u00f9 nous sommes le plus r\u00e9actif. En cas de non r\u00e9ponse, laissez nous un message vocal et nous vous rappellerons dans les plus brefs d\u00e9lais E-mailcontact@posekitethanol.com Standard de 9h \u00e0 [&hellip;]","og_url":"https:\/\/posekitethanol.com\/index.php\/contact\/","og_site_name":"PoseKitEthanol.com","article_modified_time":"2024-04-28T16:00:17+00:00","twitter_card":"summary_large_image","twitter_misc":{"Dur\u00e9e de lecture estim\u00e9e":"1 minute"},"schema":{"@context":"https:\/\/schema.org","@graph":[{"@type":"WebPage","@id":"https:\/\/posekitethanol.com\/index.php\/contact\/","url":"https:\/\/posekitethanol.com\/index.php\/contact\/","name":"Contact - PoseKitEthanol.com","isPartOf":{"@id":"https:\/\/posekitethanol.com\/#website"},"datePublished":"2023-03-13T10:13:44+00:00","dateModified":"2024-04-28T16:00:17+00:00","breadcrumb":{"@id":"https:\/\/posekitethanol.com\/index.php\/contact\/#breadcrumb"},"inLanguage":"fr-FR","potentialAction":[{"@type":"ReadAction","target":["https:\/\/posekitethanol.com\/index.php\/contact\/"]}]},{"@type":"BreadcrumbList","@id":"https:\/\/posekitethanol.com\/index.php\/contact\/#breadcrumb","itemListElement":[{"@type":"ListItem","position":1,"name":"Home","item":"https:\/\/posekitethanol.com\/"},{"@type":"ListItem","position":2,"name":"Contact"}]},{"@type":"WebSite","@id":"https:\/\/posekitethanol.com\/#website","url":"https:\/\/posekitethanol.com\/","name":"PoseKitEthanol.com","description":"Gagner 0,75\u20ac par litre de carburant, \u00e7a vous dit ?","potentialAction":[{"@type":"SearchAction","target":{"@type":"EntryPoint","urlTemplate":"https:\/\/posekitethanol.com\/?s={search_term_string}"},"query-input":{"@type":"PropertyValueSpecification","valueRequired":true,"valueName":"search_term_string"}}],"inLanguage":"fr-FR"}]}},"_links":{"self":[{"href":"https:\/\/posekitethanol.com\/index.php\/wp-json\/wp\/v2\/pages\/152","targetHints":{"allow":["GET"]}}],"collection":[{"href":"https:\/\/posekitethanol.com\/index.php\/wp-json\/wp\/v2\/pages"}],"about":[{"href":"https:\/\/posekitethanol.com\/index.php\/wp-json\/wp\/v2\/types\/page"}],"author":[{"embeddable":true,"href":"https:\/\/posekitethanol.com\/index.php\/wp-json\/wp\/v2\/users\/1"}],"replies":[{"embeddable":true,"href":"https:\/\/posekitethanol.com\/index.php\/wp-json\/wp\/v2\/comments?post=152"}],"version-history":[{"count":5,"href":"https:\/\/posekitethanol.com\/index.php\/wp-json\/wp\/v2\/pages\/152\/revisions"}],"predecessor-version":[{"id":295,"href":"https:\/\/posekitethanol.com\/index.php\/wp-json\/wp\/v2\/pages\/152\/revisions\/295"}],"wp:attachment":[{"href":"https:\/\/posekitethanol.com\/index.php\/wp-json\/wp\/v2\/media?parent=152"}],"curies":[{"name":"wp","href":"https:\/\/api.w.org\/{rel}","templated":true}]}}